{"id":479,"date":"2016-05-13T11:41:20","date_gmt":"2016-05-13T09:41:20","guid":{"rendered":"http:\/\/serwer1601836.home.pl\/print\/?page_id=479"},"modified":"2016-05-13T11:50:48","modified_gmt":"2016-05-13T09:50:48","slug":"kariera-globart-print","status":"publish","type":"page","link":"http:\/\/globartprint.bialystok.pl\/de\/?page_id=479","title":{"rendered":"Kariera w Globart Print"},"content":{"rendered":"<p>[et_pb_section admin_label=&#8221;Sekcja&#8221; fullwidth=&#8221;on&#8221; specialty=&#8221;off&#8221;][et_pb_fullwidth_header admin_label=&#8221;Nag\u0142\u00f3wek pe\u0142nej szeroko\u015bci&#8221; title=&#8221;Kariera w Globart Print&#8221; background_layout=&#8221;dark&#8221; text_orientation=&#8221;left&#8221; header_fullscreen=&#8221;off&#8221; header_scroll_down=&#8221;off&#8221; background_url=&#8221;http:\/\/serwer1601836.home.pl\/print\/wp-content\/uploads\/2016\/03\/tlo.png&#8221; parallax=&#8221;off&#8221; parallax_method=&#8221;off&#8221; content_orientation=&#8221;center&#8221; image_orientation=&#8221;center&#8221; custom_button_one=&#8221;off&#8221; button_one_letter_spacing=&#8221;0&#8243; button_one_use_icon=&#8221;default&#8221; button_one_icon_placement=&#8221;right&#8221; button_one_on_hover=&#8221;on&#8221; button_one_letter_spacing_hover=&#8221;0&#8243; custom_button_two=&#8221;off&#8221; button_two_letter_spacing=&#8221;0&#8243; button_two_use_icon=&#8221;default&#8221; button_two_icon_placement=&#8221;right&#8221; button_two_on_hover=&#8221;on&#8221; button_two_letter_spacing_hover=&#8221;0&#8243;] [\/et_pb_fullwidth_header][\/et_pb_section][et_pb_section admin_label=&#8221;section&#8221;][et_pb_row admin_label=&#8221;row&#8221;][et_pb_column type=&#8221;3_4&#8243;][et_pb_text admin_label=&#8221;Tekst&#8221; background_layout=&#8221;light&#8221; text_orientation=&#8221;left&#8221; use_border_color=&#8221;off&#8221; border_color=&#8221;#ffffff&#8221; border_style=&#8221;solid&#8221;]<\/p>\n<p style=\"text-align: justify;\">Chcesz do\u0142\u0105czy\u0107 do zespo\u0142u jednej z najwi\u0119kszych firm z bran\u017cy wydruku cyfrowego w Polsce? Zaplanuj swoj\u0105 karier\u0119 i przysz\u0142o\u015b\u0107 zawodow\u0105. Zapraszamy do zapoznania si\u0119 z ofertami pracy na stanowiskach w naszej firmie. A mo\u017ce masz inny pomys\u0142?<\/p>\n<p>[\/et_pb_text][et_pb_toggle admin_label=&#8221;DRUKARZ&#8221; title=&#8221;DRUKARZ \/ OPERATOR MASZYN CYFROWYCH&#8221; open=&#8221;off&#8221; use_border_color=&#8221;off&#8221; border_color=&#8221;#ffffff&#8221; border_style=&#8221;solid&#8221;]<\/p>\n<p style=\"text-align: justify;\"><strong>G\u0142\u00f3wne zadania:<\/strong><\/p>\n<ul>\n<li style=\"text-align: justify;\">obs\u0142uga maszyn drukarskich, racjonalizowanie gospodarki materia\u0142owej<\/li>\n<\/ul>\n<p style=\"text-align: justify;\"><strong>Nasze oczekiwania:<\/strong><\/p>\n<ul>\n<li style=\"text-align: justify;\">Do\u015bwiadczenie w pracy na podobnym stanowisku<\/li>\n<li style=\"text-align: justify;\">Znajomo\u015b\u0107 zasad obs\u0142ugi komputera<\/li>\n<li style=\"text-align: justify;\">Poczucie odpowiedzialno\u015bci za powierzone zadania, samodzielno\u015b\u0107,<\/li>\n<li style=\"text-align: justify;\">Umiej\u0119tno\u015b\u0107 pracy w zespole oraz skutecznego dzia\u0142ania pod presj\u0105 czasu,<\/li>\n<\/ul>\n<p style=\"text-align: justify;\"><strong>Mile widziane:<\/strong><\/p>\n<ul>\n<li>Wykszta\u0142cenie techniczne<\/li>\n<\/ul>\n<p><strong>Oferujemy:<\/strong><\/p>\n<ul>\n<li>Prac\u0119 dla jednej z najwi\u0119kszych drukarni wielkoformatowych w Bia\u0142ymstoku<\/li>\n<li>Mo\u017cliwo\u015b\u0107 podnoszenia kwalifikacji i zdobycia cennego do\u015bwiadczenia zawodowego<\/li>\n<\/ul>\n<p style=\"text-align: justify;\">Osoby zainteresowane ofert\u0105 prosimy o CV na adres e-mail:\u00a0<a href=\"mailto:druk@globartprint.pl?subject=Pytanie%20ze%20strony%20www.GlobartPrint.pl\">druk@globartprint.pl<\/a>\u00a0z dopiskiem\u00a0\u201eDrukarz\u201d\u00a0w tytule maila.<\/p>\n<p>Informujemy, \u017ce skontaktujemy si\u0119 jedynie z wybranymi osobami.<\/p>\n<p>Prosimy o dopisanie nast\u0119puj\u0105cej klauzuli:\u00a0<i>&#8222;Wyra\u017cam zgod\u0119 na przetwarzanie moich danych osobowych zawartych w mojej ofercie pracy dla potrzeb niezb\u0119dnych do realizacji procesu rekrutacji zgodnie z ustaw\u0105 z dnia 29 sierpnia 1997 r. o ochronie danych osobowych (Dz. U. z 2002 r. Nr 101, poz. 926, ze zm.)&#8221;<\/i><\/p>\n<p>[\/et_pb_toggle][et_pb_toggle admin_label=&#8221;MAGAZYNIER&#8221; title=&#8221;MAGAZYNIER&#8221; open=&#8221;off&#8221; use_border_color=&#8221;off&#8221; border_color=&#8221;#ffffff&#8221; border_style=&#8221;solid&#8221;]<\/p>\n<p style=\"text-align: justify;\"><strong>Wymagania:<\/strong><\/p>\n<ul>\n<li style=\"text-align: justify;\">Wykszta\u0142cenie min. zawodowe.<\/li>\n<li style=\"text-align: justify;\">Min. 2 &#8211; letnie do\u015bwiadczenie w pracy na podobnym stanowisku w magazynach lub placach magazynowych.<\/li>\n<li style=\"text-align: justify;\">Do\u015bwiadczenie w pracy z w\u0142a\u015bciwym sk\u0142adowaniem przyjmowanych dostaw i ich zabezpieczaniem\/konserwacj\u0105.<\/li>\n<\/ul>\n<p style=\"text-align: justify;\"><strong>Zakres zada\u0144:<\/strong><\/p>\n<ul>\n<li style=\"text-align: justify;\">Roz\u0142adunek dostaw<\/li>\n<li style=\"text-align: justify;\">W\u0142a\u015bciwe sk\u0142adowanie, odbieranie dostaw oraz wydawanie z magazynu.<\/li>\n<li style=\"text-align: justify;\">Sprawdzanie zawarto\u015bci dostaw.<\/li>\n<li style=\"text-align: justify;\">Rozpakowywanie paczek z dostaw<\/li>\n<\/ul>\n<p style=\"text-align: justify;\"><strong>Oferujemy:<\/strong><\/p>\n<p style=\"text-align: justify;\">Sta\u0142e zatrudnienie i wsp\u00f3\u0142prac\u0119 z zespo\u0142em do\u015bwiadczonych pracownik\u00f3w<\/p>\n<p style=\"text-align: justify;\">Osoby zainteresowane ofert\u0105 prosimy o CV na adres e-mail:\u00a0<a href=\"mailto:magazyn@globartprint.pl?subject=Rekrutacja%20na%20stanowisko%20pracy\">magazyn@globartprint.pl<\/a>\u00a0z dopiskiem\u00a0\u201eMagazynier\u201d\u00a0w tytule maila.<\/p>\n<p>Informujemy, \u017ce skontaktujemy si\u0119 jedynie z wybranymi osobami.<\/p>\n<p>Prosimy o dopisanie nast\u0119puj\u0105cej klauzuli:\u00a0<i>&#8222;Wyra\u017cam zgod\u0119 na przetwarzanie moich danych osobowych zawartych w mojej ofercie pracy dla potrzeb niezb\u0119dnych do realizacji procesu rekrutacji zgodnie z ustaw\u0105 z dnia 29 sierpnia 1997 r. o ochronie danych osobowych (Dz. U. z 2002 r. Nr 101, poz. 926, ze zm.)&#8221;<\/i><\/p>\n<p>[\/et_pb_toggle][\/et_pb_column][et_pb_column type=&#8221;1_4&#8243;][et_pb_sidebar admin_label=&#8221;Panel boczny&#8221; orientation=&#8221;left&#8221; area=&#8221;sidebar-1&#8243; background_layout=&#8221;light&#8221; remove_border=&#8221;off&#8221;] [\/et_pb_sidebar][\/et_pb_column][\/et_pb_row][\/et_pb_section]<\/p>\n","protected":false},"excerpt":{"rendered":"<p>Chcesz do\u0142\u0105czy\u0107 do zespo\u0142u jednej z najwi\u0119kszych firm z bran\u017cy wydruku cyfrowego w Polsce? Zaplanuj swoj\u0105 karier\u0119 i przysz\u0142o\u015b\u0107 zawodow\u0105. Zapraszamy do zapoznania si\u0119 z ofertami pracy na stanowiskach w naszej firmie. A mo\u017ce masz inny pomys\u0142? G\u0142\u00f3wne zadania: obs\u0142uga maszyn drukarskich, racjonalizowanie gospodarki materia\u0142owej Nasze oczekiwania: Do\u015bwiadczenie w pracy na podobnym stanowisku Znajomo\u015b\u0107 zasad [&hellip;]<\/p>\n","protected":false},"author":1,"featured_media":0,"parent":0,"menu_order":0,"comment_status":"closed","ping_status":"closed","template":"","meta":{"_et_pb_use_builder":"on","_et_pb_old_content":"","_et_gb_content_width":"","footnotes":""},"class_list":["post-479","page","type-page","status-publish","hentry"],"_links":{"self":[{"href":"http:\/\/globartprint.bialystok.pl\/de\/index.php?rest_route=\/wp\/v2\/pages\/479","targetHints":{"allow":["GET"]}}],"collection":[{"href":"http:\/\/globartprint.bialystok.pl\/de\/index.php?rest_route=\/wp\/v2\/pages"}],"about":[{"href":"http:\/\/globartprint.bialystok.pl\/de\/index.php?rest_route=\/wp\/v2\/types\/page"}],"author":[{"embeddable":true,"href":"http:\/\/globartprint.bialystok.pl\/de\/index.php?rest_route=\/wp\/v2\/users\/1"}],"replies":[{"embeddable":true,"href":"http:\/\/globartprint.bialystok.pl\/de\/index.php?rest_route=%2Fwp%2Fv2%2Fcomments&post=479"}],"version-history":[{"count":5,"href":"http:\/\/globartprint.bialystok.pl\/de\/index.php?rest_route=\/wp\/v2\/pages\/479\/revisions"}],"predecessor-version":[{"id":487,"href":"http:\/\/globartprint.bialystok.pl\/de\/index.php?rest_route=\/wp\/v2\/pages\/479\/revisions\/487"}],"wp:attachment":[{"href":"http:\/\/globartprint.bialystok.pl\/de\/index.php?rest_route=%2Fwp%2Fv2%2Fmedia&parent=479"}],"curies":[{"name":"wp","href":"https:\/\/api.w.org\/{rel}","templated":true}]}}