{"id":879,"date":"2016-12-14T12:41:32","date_gmt":"2016-12-14T11:41:32","guid":{"rendered":"http:\/\/globartprint.bialystok.pl\/de\/?page_id=879"},"modified":"2016-12-14T12:41:32","modified_gmt":"2016-12-14T11:41:32","slug":"preisen","status":"publish","type":"page","link":"http:\/\/globartprint.bialystok.pl\/de\/?page_id=879","title":{"rendered":"Preisen"},"content":{"rendered":"<p><strong>Eigenschaften und\u00a0 Vorteile unserer Produkte finden Widerspiegelung in unseren Preisen. \u00a0<\/strong><br \/>\n<strong>Auf Ihren\u00a0 Wunsch werden wir Preisliste f\u00fcr die gesamten Warenpalette oder ausgew\u00e4hlte Produkte senden.<\/strong><br \/>\n<strong>\u00a0<\/strong><br \/>\n<strong>Wenn Sie Fragen haben, weitere Informationen \u00fcber den Preis ben\u00f6tigen oder wir etwas anderes f\u00fcr Sie tun k\u00f6nnen, melden Sie sich doch bitte bei uns.<\/strong><\/p>\n<form method=\"post\" enctype=\"multipart\/form-data\" id=\"vfbp-form-1\" class=\"vfbp-form\"><div style=\"display:none;\"><label for=\"vfbp-EMAIL-AN8fuQyoDLXem\">Je\u015bli jeste\u015b cz\u0142owiekiem, pozostaw to pole puste.<\/label><input size=\"25\" autocomplete=\"off\" type=\"text\" name=\"vfbp-EMAIL-AN8fuQyoDLXem\" value=\"\" id=\"\"><\/div><input type=\"hidden\" name=\"_vfb-timestamp-1\" value=\"1777718477\" id=\"\"><input type=\"hidden\" name=\"_vfb-form-id\" value=\"1\" id=\"\"><div class=\"vfb-form-group vfb-col-12\"><div><div class=\"\">Kontaktformular<\/div><\/div><\/div><div class=\"vfb-col-12 vfb-fieldType-heading\" id=\"vfbField1\"><\/div><div class=\"vfb-clearfix\"><\/div><div class=\"vfb-col-12 vfb-fieldType-text\" id=\"vfbField5\"><div class=\"vfb-form-group\"><label for=\"vfb-field-5\" class=\"vfb-control-label\">Vormane <span class=\"vfb-required-asterisk\">*<\/span><\/label><div><input id=\"vfb-field-5\" class=\"vfb-form-control\" placeholder=\"\" required=\"required\" type=\"text\" name=\"vfb-field-5\" value=\"\"><\/div><\/div><\/div><div class=\"vfb-clearfix\"><\/div><div class=\"vfb-col-12 vfb-fieldType-text\" id=\"vfbField6\"><div class=\"vfb-form-group\"><label for=\"vfb-field-6\" class=\"vfb-control-label\">Nachname <span class=\"vfb-required-asterisk\">*<\/span><\/label><div><input id=\"vfb-field-6\" class=\"vfb-form-control\" placeholder=\"\" required=\"required\" type=\"text\" name=\"vfb-field-6\" value=\"\"><\/div><\/div><\/div><div class=\"vfb-clearfix\"><\/div><div class=\"vfb-col-12 vfb-fieldType-email\" id=\"vfbField7\"><div class=\"vfb-form-group\"><label for=\"vfb-field-7\" class=\"vfb-control-label\">E-mail <span class=\"vfb-required-asterisk\">*<\/span><\/label><div><input id=\"vfb-field-7\" class=\"vfb-form-control\" placeholder=\"\" required=\"required\" type=\"email\" name=\"vfb-field-7\" value=\"\"><\/div><\/div><\/div><div class=\"vfb-clearfix\"><\/div><div class=\"vfb-col-12 vfb-fieldType-number\" id=\"vfbField8\"><div class=\"vfb-form-group\"><label for=\"vfb-field-8\" class=\"vfb-control-label\">Telefon<\/label><div><input id=\"vfb-field-8\" class=\"vfb-form-control\" placeholder=\"\" type=\"number\" name=\"vfb-field-8\" value=\"\"><\/div><\/div><\/div><div class=\"vfb-clearfix\"><\/div><div class=\"vfb-col-12 vfb-fieldType-textarea\" id=\"vfbField9\"><div class=\"vfb-form-group\"><label for=\"vfb-field-9\" class=\"vfb-control-label\">Nachricht <span class=\"vfb-required-asterisk\">*<\/span><\/label><div><textarea id=\"vfb-field-9\" class=\"vfb-form-control\" placeholder=\"\" required=\"required\" rows=\"10\" name=\"vfb-field-9\" cols=\"50\"><\/textarea><span class=\"vfb-help-block\">Haben Sie Fragen?<\/span><\/div><\/div><\/div><div class=\"vfb-clearfix\"><\/div><div class=\"vfb-col-12 vfb-fieldType-captcha\" id=\"vfbField19\"><div class=\"vfb-form-group\"><label for=\"vfb-field-19\" class=\"vfb-control-label\">Captcha <span class=\"vfb-required-asterisk\">*<\/span><\/label><div>reCAPTCHA Public Key not found. Both Public and Private keys must be set in order for reCAPTCHA to function.<\/div><\/div><\/div><div class=\"vfb-clearfix\"><\/div><div class=\"vfb-col-12 vfb-fieldType-submit\" id=\"vfbField4\"><button id=\"vfb-field-4\" class=\" btn btn-primary\" placeholder=\"\" type=\"submit\" name=\"_vfb-submit\">Senden<\/button><\/div><div class=\"vfb-clearfix\"><\/div><\/form>\n","protected":false},"excerpt":{"rendered":"<p>Eigenschaften und\u00a0 Vorteile unserer Produkte finden Widerspiegelung in unseren Preisen. \u00a0 Auf Ihren\u00a0 Wunsch werden wir Preisliste f\u00fcr die gesamten Warenpalette oder ausgew\u00e4hlte Produkte senden. \u00a0 Wenn Sie Fragen haben, weitere Informationen \u00fcber den Preis ben\u00f6tigen oder wir etwas anderes f\u00fcr Sie tun k\u00f6nnen, melden Sie sich doch bitte bei uns.<\/p>\n","protected":false},"author":1,"featured_media":0,"parent":0,"menu_order":0,"comment_status":"closed","ping_status":"closed","template":"","meta":{"_et_pb_use_builder":"","_et_pb_old_content":"","_et_gb_content_width":"","footnotes":""},"class_list":["post-879","page","type-page","status-publish","hentry"],"_links":{"self":[{"href":"http:\/\/globartprint.bialystok.pl\/de\/index.php?rest_route=\/wp\/v2\/pages\/879","targetHints":{"allow":["GET"]}}],"collection":[{"href":"http:\/\/globartprint.bialystok.pl\/de\/index.php?rest_route=\/wp\/v2\/pages"}],"about":[{"href":"http:\/\/globartprint.bialystok.pl\/de\/index.php?rest_route=\/wp\/v2\/types\/page"}],"author":[{"embeddable":true,"href":"http:\/\/globartprint.bialystok.pl\/de\/index.php?rest_route=\/wp\/v2\/users\/1"}],"replies":[{"embeddable":true,"href":"http:\/\/globartprint.bialystok.pl\/de\/index.php?rest_route=%2Fwp%2Fv2%2Fcomments&post=879"}],"version-history":[{"count":1,"href":"http:\/\/globartprint.bialystok.pl\/de\/index.php?rest_route=\/wp\/v2\/pages\/879\/revisions"}],"predecessor-version":[{"id":880,"href":"http:\/\/globartprint.bialystok.pl\/de\/index.php?rest_route=\/wp\/v2\/pages\/879\/revisions\/880"}],"wp:attachment":[{"href":"http:\/\/globartprint.bialystok.pl\/de\/index.php?rest_route=%2Fwp%2Fv2%2Fmedia&parent=879"}],"curies":[{"name":"wp","href":"https:\/\/api.w.org\/{rel}","templated":true}]}}