{"id":393,"date":"2016-05-13T06:34:50","date_gmt":"2016-05-13T04:34:50","guid":{"rendered":"http:\/\/serwer1601836.home.pl\/print\/?page_id=393"},"modified":"2016-05-23T13:36:18","modified_gmt":"2016-05-23T11:36:18","slug":"backlight-2","status":"publish","type":"page","link":"http:\/\/globartprint.bialystok.pl\/en\/?page_id=393","title":{"rendered":"Backlight Banner"},"content":{"rendered":"<p>[et_pb_section admin_label=&#8221;Sekcja&#8221; fullwidth=&#8221;on&#8221; specialty=&#8221;off&#8221;][et_pb_fullwidth_header admin_label=&#8221;Backlight Banner &#8221; title=&#8221;Backlight Banner&#8221; background_layout=&#8221;dark&#8221; text_orientation=&#8221;left&#8221; header_fullscreen=&#8221;off&#8221; header_scroll_down=&#8221;off&#8221; background_url=&#8221;http:\/\/serwer1601836.home.pl\/print\/wp-content\/uploads\/2016\/03\/tlo.png&#8221; parallax=&#8221;off&#8221; parallax_method=&#8221;off&#8221; content_orientation=&#8221;center&#8221; image_orientation=&#8221;center&#8221; custom_button_one=&#8221;off&#8221; button_one_letter_spacing=&#8221;0&#8243; button_one_use_icon=&#8221;default&#8221; button_one_icon_placement=&#8221;right&#8221; button_one_on_hover=&#8221;on&#8221; button_one_letter_spacing_hover=&#8221;0&#8243; custom_button_two=&#8221;off&#8221; button_two_letter_spacing=&#8221;0&#8243; button_two_use_icon=&#8221;default&#8221; button_two_icon_placement=&#8221;right&#8221; button_two_on_hover=&#8221;on&#8221; button_two_letter_spacing_hover=&#8221;0&#8243;] [\/et_pb_fullwidth_header][\/et_pb_section][et_pb_section admin_label=&#8221;section&#8221;][et_pb_row admin_label=&#8221;row&#8221;][et_pb_column type=&#8221;4_4&#8243;][et_pb_text admin_label=&#8221;Tekst&#8221; background_layout=&#8221;light&#8221; text_orientation=&#8221;left&#8221; use_border_color=&#8221;off&#8221; border_color=&#8221;#ffffff&#8221; border_style=&#8221;solid&#8221;]<\/p>\n<p style=\"text-align: justify;\">Backlight banners are created for illuminated advertising systems. We can print backlight banners up to 5 m wide in 1 piece. With a double-strike method we can achieve very intense colors that will look perfectly when illuminated at night. The backlight material has B1 certificate.<\/p>\n<p>[\/et_pb_text][\/et_pb_column][\/et_pb_row][\/et_pb_section]<\/p>\n","protected":false},"excerpt":{"rendered":"<p>Backlight banners are created for illuminated advertising systems. We can print backlight banners up to 5 m wide in 1 piece. With a double-strike method we can achieve very intense colors that will look perfectly when illuminated at night. The backlight material has B1 certificate.<\/p>\n","protected":false},"author":1,"featured_media":0,"parent":19,"menu_order":0,"comment_status":"closed","ping_status":"closed","template":"","meta":{"_et_pb_use_builder":"on","_et_pb_old_content":"<p style=\"text-align: justify;\"><strong>Backlight<\/strong><strong>-bannery do pod\u015bwietle\u0144<\/strong>\u00a0wykonywane s\u0105 z materia\u0142\u00f3w winylowych typu\u00a0<strong>backlight.<\/strong><\/p><p style=\"text-align: justify;\"><strong>Mo\u017cliwo\u015b\u0107 wydruku do 5 m w 1 kawa\u0142ku!!<\/strong><\/p><p style=\"text-align: justify;\">Jest to materia\u0142 posiadaj\u0105cy w\u0142a\u015bciwo\u015bci\u00a0<strong>przepuszczaj\u0105ce i rozpraszaj\u0105ce \u015bwiat\u0142o<\/strong>.\u00a0Dlatego przeznaczony jest g\u0142\u00f3wnie do reklam pod\u015bwietlanych.<\/p><p style=\"text-align: justify;\">Wydruki na tym materiale charakteryzuj\u0105 si\u0119\u00a0<strong>wysokim kontrastem i du\u017cym nasyceniem barw<\/strong>, co szczeg\u00f3lnie uwidacznia si\u0119 w\u0142a\u015bnie po pod\u015bwietleniu.<\/p><p style=\"text-align: justify;\"><strong>Mo\u017cliwo\u015b\u0107 wydruku do 5 m w 1 kawa\u0142ku!!<\/strong><\/p><p style=\"text-align: justify;\"><strong>Certyfikat \u00a0niepalno\u015bci B1<\/strong><\/p>","_et_gb_content_width":"","footnotes":""},"class_list":["post-393","page","type-page","status-publish","hentry"],"_links":{"self":[{"href":"http:\/\/globartprint.bialystok.pl\/en\/index.php?rest_route=\/wp\/v2\/pages\/393","targetHints":{"allow":["GET"]}}],"collection":[{"href":"http:\/\/globartprint.bialystok.pl\/en\/index.php?rest_route=\/wp\/v2\/pages"}],"about":[{"href":"http:\/\/globartprint.bialystok.pl\/en\/index.php?rest_route=\/wp\/v2\/types\/page"}],"author":[{"embeddable":true,"href":"http:\/\/globartprint.bialystok.pl\/en\/index.php?rest_route=\/wp\/v2\/users\/1"}],"replies":[{"embeddable":true,"href":"http:\/\/globartprint.bialystok.pl\/en\/index.php?rest_route=%2Fwp%2Fv2%2Fcomments&post=393"}],"version-history":[{"count":5,"href":"http:\/\/globartprint.bialystok.pl\/en\/index.php?rest_route=\/wp\/v2\/pages\/393\/revisions"}],"predecessor-version":[{"id":639,"href":"http:\/\/globartprint.bialystok.pl\/en\/index.php?rest_route=\/wp\/v2\/pages\/393\/revisions\/639"}],"up":[{"embeddable":true,"href":"http:\/\/globartprint.bialystok.pl\/en\/index.php?rest_route=\/wp\/v2\/pages\/19"}],"wp:attachment":[{"href":"http:\/\/globartprint.bialystok.pl\/en\/index.php?rest_route=%2Fwp%2Fv2%2Fmedia&parent=393"}],"curies":[{"name":"wp","href":"https:\/\/api.w.org\/{rel}","templated":true}]}}