{"id":412,"date":"2016-05-13T06:43:11","date_gmt":"2016-05-13T04:43:11","guid":{"rendered":"http:\/\/serwer1601836.home.pl\/print\/?page_id=412"},"modified":"2016-05-23T14:15:30","modified_gmt":"2016-05-23T12:15:30","slug":"grafika-okienna-2","status":"publish","type":"page","link":"http:\/\/globartprint.bialystok.pl\/en\/?page_id=412","title":{"rendered":"Window Graphics"},"content":{"rendered":"<p>[et_pb_section admin_label=&#8221;Sekcja&#8221; fullwidth=&#8221;on&#8221; specialty=&#8221;off&#8221;][et_pb_fullwidth_header admin_label=&#8221;Window Graphics&#8221; title=&#8221;Window Graphics&#8221; background_layout=&#8221;dark&#8221; text_orientation=&#8221;left&#8221; header_fullscreen=&#8221;off&#8221; header_scroll_down=&#8221;off&#8221; background_url=&#8221;http:\/\/serwer1601836.home.pl\/print\/wp-content\/uploads\/2016\/03\/tlo.png&#8221; parallax=&#8221;off&#8221; parallax_method=&#8221;off&#8221; content_orientation=&#8221;center&#8221; image_orientation=&#8221;center&#8221; custom_button_one=&#8221;off&#8221; button_one_letter_spacing=&#8221;0&#8243; button_one_use_icon=&#8221;default&#8221; button_one_icon_placement=&#8221;right&#8221; button_one_on_hover=&#8221;on&#8221; button_one_letter_spacing_hover=&#8221;0&#8243; custom_button_two=&#8221;off&#8221; button_two_letter_spacing=&#8221;0&#8243; button_two_use_icon=&#8221;default&#8221; button_two_icon_placement=&#8221;right&#8221; button_two_on_hover=&#8221;on&#8221; button_two_letter_spacing_hover=&#8221;0&#8243;] [\/et_pb_fullwidth_header][\/et_pb_section][et_pb_section admin_label=&#8221;section&#8221;][et_pb_row admin_label=&#8221;row&#8221;][et_pb_column type=&#8221;4_4&#8243;][et_pb_text admin_label=&#8221;Tekst&#8221; background_layout=&#8221;light&#8221; text_orientation=&#8221;left&#8221; use_border_color=&#8221;off&#8221; border_color=&#8221;#ffffff&#8221; border_style=&#8221;solid&#8221;]<\/p>\n<p style=\"text-align: justify;\">Printing material applied to the windows are very common ways to expose not only brands but also any kind of information. Here we can recommend, for example, our standard monomeric vinyl, transparent vinyl or OWV (one way vision vinyl) both for indoor and outdoor use.<\/p>\n<p>[\/et_pb_text][\/et_pb_column][\/et_pb_row][\/et_pb_section]<\/p>\n","protected":false},"excerpt":{"rendered":"<p>Printing material applied to the windows are very common ways to expose not only brands but also any kind of information. Here we can recommend, for example, our standard monomeric vinyl, transparent vinyl or OWV (one way vision vinyl) both for indoor and outdoor use.<\/p>\n","protected":false},"author":1,"featured_media":0,"parent":19,"menu_order":0,"comment_status":"closed","ping_status":"closed","template":"","meta":{"_et_pb_use_builder":"on","_et_pb_old_content":"<p style=\"text-align: justify;\">Grafiki umieszczane na szybach okiennych daj\u0105 mo\u017cliwo\u015b\u0107 identyfikacji firmy (tre\u015b\u0107 informacyjna) jak r\u00f3wnie\u017c dodatkowej reklamy. Do tego rodzaju grafiki stosujemy zar\u00f3wno zwyk\u0142\u0105 foli\u0119 monomeryczna, \u00a0prze\u017aroczyst\u0105 jak i foli\u0119 \u201cone way vision\u201d.<\/p><p style=\"text-align: justify;\">Folie te stosowane s\u0105 z powodzeniem w aplikacjach wewn\u0119trznych jak i zewn\u0119trznych.<\/p>","_et_gb_content_width":"","footnotes":""},"class_list":["post-412","page","type-page","status-publish","hentry"],"_links":{"self":[{"href":"http:\/\/globartprint.bialystok.pl\/en\/index.php?rest_route=\/wp\/v2\/pages\/412","targetHints":{"allow":["GET"]}}],"collection":[{"href":"http:\/\/globartprint.bialystok.pl\/en\/index.php?rest_route=\/wp\/v2\/pages"}],"about":[{"href":"http:\/\/globartprint.bialystok.pl\/en\/index.php?rest_route=\/wp\/v2\/types\/page"}],"author":[{"embeddable":true,"href":"http:\/\/globartprint.bialystok.pl\/en\/index.php?rest_route=\/wp\/v2\/users\/1"}],"replies":[{"embeddable":true,"href":"http:\/\/globartprint.bialystok.pl\/en\/index.php?rest_route=%2Fwp%2Fv2%2Fcomments&post=412"}],"version-history":[{"count":5,"href":"http:\/\/globartprint.bialystok.pl\/en\/index.php?rest_route=\/wp\/v2\/pages\/412\/revisions"}],"predecessor-version":[{"id":665,"href":"http:\/\/globartprint.bialystok.pl\/en\/index.php?rest_route=\/wp\/v2\/pages\/412\/revisions\/665"}],"up":[{"embeddable":true,"href":"http:\/\/globartprint.bialystok.pl\/en\/index.php?rest_route=\/wp\/v2\/pages\/19"}],"wp:attachment":[{"href":"http:\/\/globartprint.bialystok.pl\/en\/index.php?rest_route=%2Fwp%2Fv2%2Fmedia&parent=412"}],"curies":[{"name":"wp","href":"https:\/\/api.w.org\/{rel}","templated":true}]}}