{"id":416,"date":"2016-05-13T06:44:14","date_gmt":"2016-05-13T04:44:14","guid":{"rendered":"http:\/\/serwer1601836.home.pl\/print\/?page_id=416"},"modified":"2016-05-23T14:20:27","modified_gmt":"2016-05-23T12:20:27","slug":"grafika-samochodowa-2","status":"publish","type":"page","link":"http:\/\/globartprint.bialystok.pl\/en\/?page_id=416","title":{"rendered":"Vehicle Wrapping"},"content":{"rendered":"<p>[et_pb_section admin_label=&#8221;Sekcja&#8221; fullwidth=&#8221;on&#8221; specialty=&#8221;off&#8221;][et_pb_fullwidth_header admin_label=&#8221;Vehicle Wrapping&#8221; title=&#8221;Vehicle Wrapping&#8221; background_layout=&#8221;dark&#8221; text_orientation=&#8221;left&#8221; header_fullscreen=&#8221;off&#8221; header_scroll_down=&#8221;off&#8221; background_url=&#8221;http:\/\/serwer1601836.home.pl\/print\/wp-content\/uploads\/2016\/03\/tlo.png&#8221; parallax=&#8221;off&#8221; parallax_method=&#8221;off&#8221; content_orientation=&#8221;center&#8221; image_orientation=&#8221;center&#8221; custom_button_one=&#8221;off&#8221; button_one_letter_spacing=&#8221;0&#8243; button_one_use_icon=&#8221;default&#8221; button_one_icon_placement=&#8221;right&#8221; button_one_on_hover=&#8221;on&#8221; button_one_letter_spacing_hover=&#8221;0&#8243; custom_button_two=&#8221;off&#8221; button_two_letter_spacing=&#8221;0&#8243; button_two_use_icon=&#8221;default&#8221; button_two_icon_placement=&#8221;right&#8221; button_two_on_hover=&#8221;on&#8221; button_two_letter_spacing_hover=&#8221;0&#8243;] [\/et_pb_fullwidth_header][\/et_pb_section][et_pb_section admin_label=&#8221;section&#8221;][et_pb_row admin_label=&#8221;row&#8221;][et_pb_column type=&#8221;4_4&#8243;][et_pb_text admin_label=&#8221;Tekst&#8221; background_layout=&#8221;light&#8221; text_orientation=&#8221;left&#8221; use_border_color=&#8221;off&#8221; border_color=&#8221;#ffffff&#8221; border_style=&#8221;solid&#8221;]<\/p>\n<p style=\"text-align: justify;\">For vehicle wrapping we ca offer cast vinyl which is very flexible and can be applied to the most difficult types of surfaces. Our Graphic Team can help you to prepare the artworks for each type of a vehicle.<\/p>\n<p>[\/et_pb_text][\/et_pb_column][\/et_pb_row][\/et_pb_section]<\/p>\n","protected":false},"excerpt":{"rendered":"<p>For vehicle wrapping we ca offer cast vinyl which is very flexible and can be applied to the most difficult types of surfaces. Our Graphic Team can help you to prepare the artworks for each type of a vehicle.<\/p>\n","protected":false},"author":1,"featured_media":0,"parent":19,"menu_order":0,"comment_status":"closed","ping_status":"closed","template":"","meta":{"_et_pb_use_builder":"on","_et_pb_old_content":"<p style=\"text-align: justify;\"><strong>Do wyklejania grafiki samochodowej stosujemy najcz\u0119\u015bciej foli\u0119 wylewan\u0105,<\/strong>\u00a0charakteryzuj\u0105c\u0105 si\u0119 wysokimi parametrami plastycznymi; folia ta doskonale si\u0119 rozci\u0105ga i dzi\u0119ki temu pozwala na aplikacj\u0119 w miejscach trudno dost\u0119pnych (zagi\u0119cia przet\u0142oczenia, naro\u017cniki).<\/p><p style=\"text-align: justify;\">Nasi graficy przygotuj\u0105 dla Pa\u0144stwa\u00a0<strong>grafik\u0119 na ka\u017cdy pojazd.<\/strong><\/p><p style=\"text-align: justify;\">Oklejaniem zajmuj\u0105 si\u0119 specjali\u015bci z\u00a0<strong>wieloletnim do\u015bwiadczeniem,<\/strong>\u00a0kt\u00f3rym nie straszne jest oklejanie zar\u00f3wno standardowych samochod\u00f3w osobowych, jak i autobus\u00f3w, naczep, \u0142odzi motorowych, jacht\u00f3w, itp.<\/p>","_et_gb_content_width":"","footnotes":""},"class_list":["post-416","page","type-page","status-publish","hentry"],"_links":{"self":[{"href":"http:\/\/globartprint.bialystok.pl\/en\/index.php?rest_route=\/wp\/v2\/pages\/416","targetHints":{"allow":["GET"]}}],"collection":[{"href":"http:\/\/globartprint.bialystok.pl\/en\/index.php?rest_route=\/wp\/v2\/pages"}],"about":[{"href":"http:\/\/globartprint.bialystok.pl\/en\/index.php?rest_route=\/wp\/v2\/types\/page"}],"author":[{"embeddable":true,"href":"http:\/\/globartprint.bialystok.pl\/en\/index.php?rest_route=\/wp\/v2\/users\/1"}],"replies":[{"embeddable":true,"href":"http:\/\/globartprint.bialystok.pl\/en\/index.php?rest_route=%2Fwp%2Fv2%2Fcomments&post=416"}],"version-history":[{"count":2,"href":"http:\/\/globartprint.bialystok.pl\/en\/index.php?rest_route=\/wp\/v2\/pages\/416\/revisions"}],"predecessor-version":[{"id":671,"href":"http:\/\/globartprint.bialystok.pl\/en\/index.php?rest_route=\/wp\/v2\/pages\/416\/revisions\/671"}],"up":[{"embeddable":true,"href":"http:\/\/globartprint.bialystok.pl\/en\/index.php?rest_route=\/wp\/v2\/pages\/19"}],"wp:attachment":[{"href":"http:\/\/globartprint.bialystok.pl\/en\/index.php?rest_route=%2Fwp%2Fv2%2Fmedia&parent=416"}],"curies":[{"name":"wp","href":"https:\/\/api.w.org\/{rel}","templated":true}]}}