{"id":550,"date":"2016-05-15T22:54:25","date_gmt":"2016-05-15T20:54:25","guid":{"rendered":"http:\/\/globartprint.bialystok.pl\/?page_id=550"},"modified":"2016-05-23T13:40:47","modified_gmt":"2016-05-23T11:40:47","slug":"blockout","status":"publish","type":"page","link":"http:\/\/globartprint.bialystok.pl\/en\/?page_id=550","title":{"rendered":"Blockout Banner"},"content":{"rendered":"<p>[et_pb_section admin_label=&#8221;Sekcja&#8221; fullwidth=&#8221;on&#8221; specialty=&#8221;off&#8221;][et_pb_fullwidth_header admin_label=&#8221;Nag\u0142\u00f3wek pe\u0142nej szeroko\u015bci&#8221; title=&#8221;Blockout Banner&#8221; background_layout=&#8221;dark&#8221; text_orientation=&#8221;left&#8221; header_fullscreen=&#8221;off&#8221; header_scroll_down=&#8221;off&#8221; background_url=&#8221;http:\/\/serwer1601836.home.pl\/print\/wp-content\/uploads\/2016\/03\/tlo.png&#8221; parallax=&#8221;off&#8221; parallax_method=&#8221;off&#8221; content_orientation=&#8221;center&#8221; image_orientation=&#8221;center&#8221; custom_button_one=&#8221;off&#8221; button_one_letter_spacing=&#8221;0&#8243; button_one_use_icon=&#8221;default&#8221; button_one_icon_placement=&#8221;right&#8221; button_one_on_hover=&#8221;on&#8221; button_one_letter_spacing_hover=&#8221;0&#8243; custom_button_two=&#8221;off&#8221; button_two_letter_spacing=&#8221;0&#8243; button_two_use_icon=&#8221;default&#8221; button_two_icon_placement=&#8221;right&#8221; button_two_on_hover=&#8221;on&#8221; button_two_letter_spacing_hover=&#8221;0&#8243;] [\/et_pb_fullwidth_header][\/et_pb_section][et_pb_section admin_label=&#8221;section&#8221;][et_pb_row admin_label=&#8221;row&#8221;][et_pb_column type=&#8221;4_4&#8243;][et_pb_text admin_label=&#8221;Tekst&#8221; background_layout=&#8221;light&#8221; text_orientation=&#8221;left&#8221; use_border_color=&#8221;off&#8221; border_color=&#8221;#ffffff&#8221; border_style=&#8221;solid&#8221;]<\/p>\n<p style=\"text-align: justify;\">Blockout material consists of 3 layers, two of them are created for printing purposes and the third one in the middle is a black layer that blocks one print from being seen on the other side. This way we can achieve double-sided prints and exposed even in the sunny places. The blockout material has the B1 certificate<\/p>\n<p>[\/et_pb_text][\/et_pb_column][\/et_pb_row][\/et_pb_section]<\/p>\n","protected":false},"excerpt":{"rendered":"<p>Blockout material consists of 3 layers, two of them are created for printing purposes and the third one in the middle is a black layer that blocks one print from being seen on the other side. This way we can achieve double-sided prints and exposed even in the sunny places. The blockout material has the [&hellip;]<\/p>\n","protected":false},"author":1,"featured_media":0,"parent":19,"menu_order":0,"comment_status":"closed","ping_status":"closed","template":"","meta":{"_et_pb_use_builder":"on","_et_pb_old_content":"<p style=\"text-align: justify;\">Blockout - ten materia\u0142 winylowy posiada czarn\u0105 \u201cprzek\u0142adk\u0119\u201d mi\u0119dzy warstwami zewn\u0119trznymi, kt\u00f3ra uniemo\u017cliwia przenikanie \u015bwiat\u0142a przez materia\u0142.<\/p><p>Dzi\u0119ki temu grafika na tym materiale mo\u017ce by\u0107 drukowana po obu stronach i eksponowana nawet w nas\u0142onecznionych miejscach.<\/p><p>Certyfikat niepalno\u015bci\u00a0 B1<\/p>","_et_gb_content_width":"","footnotes":""},"class_list":["post-550","page","type-page","status-publish","hentry"],"_links":{"self":[{"href":"http:\/\/globartprint.bialystok.pl\/en\/index.php?rest_route=\/wp\/v2\/pages\/550","targetHints":{"allow":["GET"]}}],"collection":[{"href":"http:\/\/globartprint.bialystok.pl\/en\/index.php?rest_route=\/wp\/v2\/pages"}],"about":[{"href":"http:\/\/globartprint.bialystok.pl\/en\/index.php?rest_route=\/wp\/v2\/types\/page"}],"author":[{"embeddable":true,"href":"http:\/\/globartprint.bialystok.pl\/en\/index.php?rest_route=\/wp\/v2\/users\/1"}],"replies":[{"embeddable":true,"href":"http:\/\/globartprint.bialystok.pl\/en\/index.php?rest_route=%2Fwp%2Fv2%2Fcomments&post=550"}],"version-history":[{"count":3,"href":"http:\/\/globartprint.bialystok.pl\/en\/index.php?rest_route=\/wp\/v2\/pages\/550\/revisions"}],"predecessor-version":[{"id":645,"href":"http:\/\/globartprint.bialystok.pl\/en\/index.php?rest_route=\/wp\/v2\/pages\/550\/revisions\/645"}],"up":[{"embeddable":true,"href":"http:\/\/globartprint.bialystok.pl\/en\/index.php?rest_route=\/wp\/v2\/pages\/19"}],"wp:attachment":[{"href":"http:\/\/globartprint.bialystok.pl\/en\/index.php?rest_route=%2Fwp%2Fv2%2Fmedia&parent=550"}],"curies":[{"name":"wp","href":"https:\/\/api.w.org\/{rel}","templated":true}]}}