{"id":503,"date":"2016-05-15T21:13:07","date_gmt":"2016-05-15T19:13:07","guid":{"rendered":"http:\/\/globartprint.bialystok.pl\/?page_id=503"},"modified":"2016-06-16T13:54:59","modified_gmt":"2016-06-16T11:54:59","slug":"przygotowanie-plikow","status":"publish","type":"page","link":"https:\/\/globartprint.bialystok.pl\/de\/?page_id=503","title":{"rendered":"Print Ready Artwork Specification"},"content":{"rendered":"<p>[et_pb_section admin_label=&#8221;Sekcja&#8221; fullwidth=&#8221;on&#8221; specialty=&#8221;off&#8221;][et_pb_fullwidth_header admin_label=&#8221;Nag\u0142\u00f3wek pe\u0142nej szeroko\u015bci&#8221; title=&#8221;Richtlinie der Datenvorbereitung&#8221; background_layout=&#8221;dark&#8221; text_orientation=&#8221;left&#8221; header_fullscreen=&#8221;off&#8221; header_scroll_down=&#8221;off&#8221; background_url=&#8221;http:\/\/globartprint.bialystok.pl\/wp-content\/uploads\/2016\/03\/tlo.png&#8221; parallax=&#8221;off&#8221; parallax_method=&#8221;off&#8221; content_orientation=&#8221;center&#8221; image_orientation=&#8221;center&#8221; custom_button_one=&#8221;off&#8221; button_one_letter_spacing=&#8221;0&#8243; button_one_use_icon=&#8221;default&#8221; button_one_icon_placement=&#8221;right&#8221; button_one_on_hover=&#8221;on&#8221; button_one_letter_spacing_hover=&#8221;0&#8243; custom_button_two=&#8221;off&#8221; button_two_letter_spacing=&#8221;0&#8243; button_two_use_icon=&#8221;default&#8221; button_two_icon_placement=&#8221;right&#8221; button_two_on_hover=&#8221;on&#8221; button_two_letter_spacing_hover=&#8221;0&#8243;] [\/et_pb_fullwidth_header][\/et_pb_section][et_pb_section admin_label=&#8221;section&#8221;][et_pb_row admin_label=&#8221;Wiersz&#8221;][et_pb_column type=&#8221;3_4&#8243;][et_pb_text admin_label=&#8221;Tekst&#8221; background_layout=&#8221;light&#8221; text_orientation=&#8221;justified&#8221; use_border_color=&#8221;off&#8221; border_color=&#8221;#ffffff&#8221; border_style=&#8221;solid&#8221;]<\/p>\n<div class=\"about-wrapper\">\n<p style=\"text-align: justify;\">Der professionelle Druck in der h\u00f6chsten Qualit\u00e4t ist m\u00f6glich nur mit einer guten Qualit\u00e4t von Dateien, die von Ihnen zur Verf\u00fcgung gestellt wurden.<\/p>\n<p style=\"text-align: justify;\">Gut vorbereitete Datei kann Ihnen Entt\u00e4uschungen vermeiden,\u00a0 die mit dem\u00a0 unsachgem\u00e4\u00dfen Aussehen des fertigen Druckproduktes verbunden sein kann.<\/p>\n<p style=\"text-align: justify;\">Wir empfehlen Ihnen, die Spezifikation der Dateivorbereitung f\u00fcr den Druck benutzerdefinierte Formulare zu lesen, wie Banner, \u00a0Billboard Plakate, \u00a0beidseitiger Blockout \u00a0oder direkte LED-Dr\u00fccke.<\/p>\n<\/div>\n<p>[\/et_pb_text][et_pb_toggle admin_label=&#8221;Banners&#8221; title=&#8221;Banner&#8221; open=&#8221;off&#8221; use_border_color=&#8221;off&#8221; border_color=&#8221;#ffffff&#8221; border_style=&#8221;solid&#8221;]<\/p>\n<p><a href=\"http:\/\/globartprint.bialystok.pl\/de\/wp-content\/uploads\/2016\/06\/Richtlinie-BANNER.pdf\">Download the file<\/a><\/p>\n<p>[\/et_pb_toggle][et_pb_toggle admin_label=&#8221;Blockout&#8221; title=&#8221;Blockout&#8221; open=&#8221;off&#8221; use_border_color=&#8221;off&#8221; border_color=&#8221;#ffffff&#8221; border_style=&#8221;solid&#8221;]<\/p>\n<p><a href=\"http:\/\/globartprint.bialystok.pl\/de\/wp-content\/uploads\/2016\/06\/Richtlinie-BLOCKOUT.pdf\">Download the file<\/a><\/p>\n<p>[\/et_pb_toggle][et_pb_toggle admin_label=&#8221;Print&#8221; title=&#8221;Druck&#8221; open=&#8221;off&#8221; use_border_color=&#8221;off&#8221; border_color=&#8221;#ffffff&#8221; border_style=&#8221;solid&#8221;]<\/p>\n<p><a href=\"http:\/\/globartprint.bialystok.pl\/de\/wp-content\/uploads\/2016\/06\/DRUCK-MIT-KONTURSCHNEIDEN-DE.pdf\">Download the file<\/a><\/p>\n<p>[\/et_pb_toggle][et_pb_toggle admin_label=&#8221;Billboards&#8221; title=&#8221;Billboard&#8221; open=&#8221;off&#8221; use_border_color=&#8221;off&#8221; border_color=&#8221;#ffffff&#8221; border_style=&#8221;solid&#8221;]<\/p>\n<p><a href=\"http:\/\/globartprint.bialystok.pl\/de\/wp-content\/uploads\/2016\/06\/Richtlinie-BILLBOARD.pdf\">Download the file<\/a><\/p>\n<p>[\/et_pb_toggle][et_pb_toggle admin_label=&#8221;Flags&#8221; title=&#8221;Fahnen&#8221; open=&#8221;off&#8221; use_border_color=&#8221;off&#8221; border_color=&#8221;#ffffff&#8221; border_style=&#8221;solid&#8221;]<\/p>\n<p><a href=\"http:\/\/globartprint.bialystok.pl\/de\/wp-content\/uploads\/2016\/06\/Richtlinie-FAHNEN.pdf\">Download the file<\/a><\/p>\n<p>[\/et_pb_toggle][et_pb_toggle admin_label=&#8221;Vinyl&#8221; title=&#8221;Folien&#8221; open=&#8221;off&#8221; use_border_color=&#8221;off&#8221; border_color=&#8221;#ffffff&#8221; border_style=&#8221;solid&#8221;]<\/p>\n<p><a href=\"http:\/\/globartprint.bialystok.pl\/de\/wp-content\/uploads\/2016\/06\/Richtlinie-FOLIEN.pdf\">Download the file<\/a><\/p>\n<p>[\/et_pb_toggle][et_pb_toggle admin_label=&#8221;Mesh&#8221; title=&#8221;Mesh&#8221; open=&#8221;off&#8221; use_border_color=&#8221;off&#8221; border_color=&#8221;#ffffff&#8221; border_style=&#8221;solid&#8221;]<\/p>\n<p><a href=\"http:\/\/globartprint.bialystok.pl\/de\/wp-content\/uploads\/2016\/06\/Richtlinie-MESH.pdf\">Download the file<\/a><\/p>\n<p>[\/et_pb_toggle][et_pb_toggle admin_label=&#8221;Wallpapers&#8221; title=&#8221;Tapeten&#8221; open=&#8221;off&#8221; use_border_color=&#8221;off&#8221; border_color=&#8221;#ffffff&#8221; border_style=&#8221;solid&#8221;]<\/p>\n<p><a href=\"http:\/\/globartprint.bialystok.pl\/de\/wp-content\/uploads\/2016\/06\/Tapete.pdf\">Download the file<\/a><\/p>\n<p>[\/et_pb_toggle][et_pb_toggle admin_label=&#8221;Roll-Up&#8221; title=&#8221;Plakate-und-Roll-up&#8221; open=&#8221;off&#8221; use_border_color=&#8221;off&#8221; border_color=&#8221;#ffffff&#8221; border_style=&#8221;solid&#8221;]<\/p>\n<p><a href=\"http:\/\/globartprint.bialystok.pl\/de\/wp-content\/uploads\/2016\/06\/Richtlinie-Plakate-und-Roll-up.pdf\">Download the file<\/a><\/p>\n<p>[\/et_pb_toggle][et_pb_toggle admin_label=&#8221;Quality Requirements&#8221; title=&#8221;Qualit\u00e4tsanforderungen&#8221; open=&#8221;off&#8221; use_border_color=&#8221;off&#8221; border_color=&#8221;#ffffff&#8221; border_style=&#8221;solid&#8221;]<\/p>\n<p style=\"text-align: justify;\">Wir bem\u00fchen uns, unsere Materialien entsprechen den h\u00f6chsten Standards zu drucken, deshalb haben \u00a0wir die Qualit\u00e4tsanforderungen von Globart Print erstellt. Wir empfehlen Ihnen mit unseren Qualit\u00e4tsanforderungen n\u00e4her \u00a0kennenzulernen.<\/p>\n<p style=\"text-align: justify;\">Die von Ihnen erhalten Dateien sollen bestimmte Eigenschaften haben, die f\u00fcr den richtigen Druckmaterialien erforderlich sind.<\/p>\n<p style=\"text-align: justify;\">Einige Eigenschaften des Endprodukts entstehen aus den Standardeinstellungen der Maschinen. Wenn Sie\u00a0 sich \u00fcber andere Vorliebe interessieren, bitte geben Sie uns Bescheid.<\/p>\n<p style=\"text-align: justify;\">Bitte lesen Sie hiermit mit\u00a0 Qualit\u00e4tsanforderungen\u00a0 unserer Firma kennenzulernen.<\/p>\n<p>[\/et_pb_toggle][\/et_pb_column][et_pb_column type=&#8221;1_4&#8243;][et_pb_sidebar admin_label=&#8221;Panel boczny&#8221; orientation=&#8221;left&#8221; area=&#8221;sidebar-1&#8243; background_layout=&#8221;light&#8221; remove_border=&#8221;off&#8221;]<br \/>\n[\/et_pb_sidebar][\/et_pb_column][\/et_pb_row][\/et_pb_section]<\/p>\n","protected":false},"excerpt":{"rendered":"<p>Der professionelle Druck in der h\u00f6chsten Qualit\u00e4t ist m\u00f6glich nur mit einer guten Qualit\u00e4t von Dateien, die von Ihnen zur Verf\u00fcgung gestellt wurden. Gut vorbereitete Datei kann Ihnen Entt\u00e4uschungen vermeiden,\u00a0 die mit dem\u00a0 unsachgem\u00e4\u00dfen Aussehen des fertigen Druckproduktes verbunden sein kann. Wir empfehlen Ihnen, die Spezifikation der Dateivorbereitung f\u00fcr den Druck benutzerdefinierte Formulare zu lesen, [&hellip;]<\/p>\n","protected":false},"author":1,"featured_media":0,"parent":209,"menu_order":0,"comment_status":"closed","ping_status":"closed","template":"","meta":{"_et_pb_use_builder":"on","_et_pb_old_content":"","_et_gb_content_width":"","footnotes":""},"class_list":["post-503","page","type-page","status-publish","hentry"],"_links":{"self":[{"href":"https:\/\/globartprint.bialystok.pl\/de\/index.php?rest_route=\/wp\/v2\/pages\/503","targetHints":{"allow":["GET"]}}],"collection":[{"href":"https:\/\/globartprint.bialystok.pl\/de\/index.php?rest_route=\/wp\/v2\/pages"}],"about":[{"href":"https:\/\/globartprint.bialystok.pl\/de\/index.php?rest_route=\/wp\/v2\/types\/page"}],"author":[{"embeddable":true,"href":"https:\/\/globartprint.bialystok.pl\/de\/index.php?rest_route=\/wp\/v2\/users\/1"}],"replies":[{"embeddable":true,"href":"https:\/\/globartprint.bialystok.pl\/de\/index.php?rest_route=%2Fwp%2Fv2%2Fcomments&post=503"}],"version-history":[{"count":5,"href":"https:\/\/globartprint.bialystok.pl\/de\/index.php?rest_route=\/wp\/v2\/pages\/503\/revisions"}],"predecessor-version":[{"id":793,"href":"https:\/\/globartprint.bialystok.pl\/de\/index.php?rest_route=\/wp\/v2\/pages\/503\/revisions\/793"}],"up":[{"embeddable":true,"href":"https:\/\/globartprint.bialystok.pl\/de\/index.php?rest_route=\/wp\/v2\/pages\/209"}],"wp:attachment":[{"href":"https:\/\/globartprint.bialystok.pl\/de\/index.php?rest_route=%2Fwp%2Fv2%2Fmedia&parent=503"}],"curies":[{"name":"wp","href":"https:\/\/api.w.org\/{rel}","templated":true}]}}