{"id":858,"date":"2016-11-22T11:04:03","date_gmt":"2016-11-22T10:04:03","guid":{"rendered":"http:\/\/globartprint.bialystok.pl\/de\/?page_id=858"},"modified":"2016-11-22T11:16:56","modified_gmt":"2016-11-22T10:16:56","slug":"muster","status":"publish","type":"page","link":"https:\/\/globartprint.bialystok.pl\/de\/?page_id=858","title":{"rendered":"Muster"},"content":{"rendered":"<p>[et_pb_section admin_label=&#8221;Sekcja&#8221; fullwidth=&#8221;on&#8221; specialty=&#8221;off&#8221;][et_pb_fullwidth_header admin_label=&#8221;Nag\u0142\u00f3wek pe\u0142nej szeroko\u015bci&#8221; title=&#8221;Muster Bestellen&#8221; background_layout=&#8221;dark&#8221; text_orientation=&#8221;left&#8221; header_fullscreen=&#8221;off&#8221; header_scroll_down=&#8221;off&#8221; parallax=&#8221;off&#8221; parallax_method=&#8221;off&#8221; content_orientation=&#8221;center&#8221; image_orientation=&#8221;center&#8221; custom_button_one=&#8221;off&#8221; button_one_letter_spacing=&#8221;0&#8243; button_one_use_icon=&#8221;default&#8221; button_one_icon_placement=&#8221;right&#8221; button_one_on_hover=&#8221;on&#8221; button_one_letter_spacing_hover=&#8221;0&#8243; custom_button_two=&#8221;off&#8221; button_two_letter_spacing=&#8221;0&#8243; button_two_use_icon=&#8221;default&#8221; button_two_icon_placement=&#8221;right&#8221; button_two_on_hover=&#8221;on&#8221; button_two_letter_spacing_hover=&#8221;0&#8243; background_url=&#8221;http:\/\/serwer1601836.home.pl\/print\/wp-content\/uploads\/2016\/03\/tlo.png&#8221;] [\/et_pb_fullwidth_header][\/et_pb_section][et_pb_section admin_label=&#8221;section&#8221;][et_pb_row admin_label=&#8221;row&#8221;][et_pb_column type=&#8221;4_4&#8243;][et_pb_text admin_label=&#8221;Tekst&#8221; background_layout=&#8221;light&#8221; text_orientation=&#8221;left&#8221; use_border_color=&#8221;off&#8221; border_color=&#8221;#ffffff&#8221; border_style=&#8221;solid&#8221;]<\/p>\n<h3>Bestellen Sie unsere kostenlosen Muster, um Druckqualit\u00e4t zu pr\u00fcfen!<\/h3>\n<h3>F\u00fcllen Sie nur das unten genannte Formular aus!<\/h3>\n<form method=\"post\" enctype=\"multipart\/form-data\" id=\"vfbp-form-2\" class=\"vfbp-form\"><div style=\"display:none;\"><label for=\"vfbp-EMAIL-AN8fuQyoDLXem\">Je\u015bli jeste\u015b cz\u0142owiekiem, pozostaw to pole puste.<\/label><input size=\"25\" autocomplete=\"off\" type=\"text\" name=\"vfbp-EMAIL-AN8fuQyoDLXem\" value=\"\" id=\"\"><\/div><input type=\"hidden\" name=\"_vfb-timestamp-2\" value=\"1777812494\" id=\"\"><input type=\"hidden\" name=\"_vfb-form-id\" value=\"2\" id=\"\"><div class=\"vfb-form-group vfb-col-12\"><div><div class=\"\">MUSTER BESTELLEN<\/div><\/div><\/div><div class=\"vfb-col-12 vfb-fieldType-heading\" id=\"vfbField10\"><\/div><div class=\"vfb-clearfix\"><\/div><div class=\"vfb-col-12 vfb-fieldType-text\" id=\"vfbField11\"><div class=\"vfb-form-group\"><label for=\"vfb-field-11\" class=\"vfb-control-label\">Vor- und Nachname <span class=\"vfb-required-asterisk\">*<\/span><\/label><div><input id=\"vfb-field-11\" class=\"vfb-form-control\" placeholder=\"\" required=\"required\" type=\"text\" name=\"vfb-field-11\" value=\"\"><\/div><\/div><\/div><div class=\"vfb-clearfix\"><\/div><div class=\"vfb-col-12 vfb-fieldType-text\" id=\"vfbField12\"><div class=\"vfb-form-group\"><label for=\"vfb-field-12\" class=\"vfb-control-label\">Firmenname <span class=\"vfb-required-asterisk\">*<\/span><\/label><div><input id=\"vfb-field-12\" class=\"vfb-form-control\" placeholder=\"\" required=\"required\" type=\"text\" name=\"vfb-field-12\" value=\"\"><\/div><\/div><\/div><div class=\"vfb-clearfix\"><\/div><div class=\"vfb-col-12 vfb-fieldType-number\" id=\"vfbField14\"><div class=\"vfb-form-group\"><label for=\"vfb-field-14\" class=\"vfb-control-label\">Telefonnummer<\/label><div><input id=\"vfb-field-14\" class=\"vfb-form-control\" placeholder=\"\" type=\"number\" name=\"vfb-field-14\" value=\"\"><\/div><\/div><\/div><div class=\"vfb-clearfix\"><\/div><div class=\"vfb-col-12 vfb-fieldType-email\" id=\"vfbField13\"><div class=\"vfb-form-group\"><label for=\"vfb-field-13\" class=\"vfb-control-label\">E-mail <span class=\"vfb-required-asterisk\">*<\/span><\/label><div><input id=\"vfb-field-13\" class=\"vfb-form-control\" placeholder=\"\" required=\"required\" type=\"email\" name=\"vfb-field-13\" value=\"\"><\/div><\/div><\/div><div class=\"vfb-clearfix\"><\/div><div class=\"vfb-col-12 vfb-fieldType-textarea\" id=\"vfbField15\"><div class=\"vfb-form-group\"><label for=\"vfb-field-15\" class=\"vfb-control-label\">Lieferadresse <span class=\"vfb-required-asterisk\">*<\/span><\/label><div><textarea id=\"vfb-field-15\" class=\"vfb-form-control\" placeholder=\"\" required=\"required\" rows=\"10\" name=\"vfb-field-15\" cols=\"50\"><\/textarea><\/div><\/div><\/div><div class=\"vfb-clearfix\"><\/div><div class=\"vfb-col-12 vfb-fieldType-checkbox\" id=\"vfbField17\"><label for=\"vfb-field-17\" class=\"vfb-control-label\"> <span class=\"vfb-required-asterisk\">*<\/span><\/label><div><div class=\"vfb-checkbox\"><label><input id=\"vfb-field-17-0\" class=\"\" placeholder=\"\" data-vfb-multiple=\"vfb-field-17\" required=\"required\" type=\"checkbox\" name=\"vfb-field-17[0]\" value=\"1\"><\/label><\/div><span class=\"vfb-help-block\">Ich bin damit einverstanden, dass meine Personendaten im Zusammenhang mit der Bestellung der Zusendung von kostenlosen Mustern infolge des Ausf\u00fcllens des Formulars auf der Internetseite www.globartprint.bialystok.pl\/de\/ f\u00fcr die Marketingzwecke der Globart Print Sp. j. in Bia\u0142ystok ans\u00e4ssig verarbeitet werden, gem\u00e4\u00df dem Gesetz \u00fcber den pers\u00f6nlichen Datenschutz vom 29. August 1997 (Gesetzblatt Nr. 133, Pos. 883)\". Au\u00dferdem erteile ich die Zustimmung zum Erhalten von der Globart Print Sp. j. in Bia\u0142ystok ans\u00e4ssig der Handelsinformationen in elektronischer Form , gem\u00e4\u00df dem Gesetz \u00fcber die elektronische Verbreitung der Handelsinformationen vom 18. Juli 2002 (Gesetzblatt Nr. 144, Pos. 1204 mit sp\u00e4teren \u00c4nderungen).<\/span><\/div><\/div><div class=\"vfb-clearfix\"><\/div><div class=\"vfb-col-12 vfb-fieldType-captcha\" id=\"vfbField18\"><div class=\"vfb-form-group\"><label for=\"vfb-field-18\" class=\"vfb-control-label\">Captcha <span class=\"vfb-required-asterisk\">*<\/span><\/label><div>reCAPTCHA Public Key not found. Both Public and Private keys must be set in order for reCAPTCHA to function.<\/div><\/div><\/div><div class=\"vfb-clearfix\"><\/div><div class=\"vfb-col-12 vfb-fieldType-submit\" id=\"vfbField16\"><button id=\"vfb-field-16\" class=\" btn btn-primary\" placeholder=\"\" type=\"submit\" name=\"_vfb-submit\">Senden<\/button><\/div><div class=\"vfb-clearfix\"><\/div><\/form>\n<p>[\/et_pb_text][\/et_pb_column][\/et_pb_row][\/et_pb_section]<\/p>\n","protected":false},"excerpt":{"rendered":"<p>Bestellen Sie unsere kostenlosen Muster, um Druckqualit\u00e4t zu pr\u00fcfen! F\u00fcllen Sie nur das unten genannte Formular aus! <form method=\"post\" enctype=\"multipart\/form-data\" id=\"vfbp-form-2\" class=\"vfbp-form\"><div style=\"display:none;\"><label for=\"vfbp-EMAIL-AN8fuQyoDLXem\">Je\u015bli jeste\u015b cz\u0142owiekiem, pozostaw to pole puste.<\/label><input size=\"25\" autocomplete=\"off\" type=\"text\" name=\"vfbp-EMAIL-AN8fuQyoDLXem\" value=\"\" id=\"\"><\/div><input type=\"hidden\" name=\"_vfb-timestamp-2\" value=\"1777812494\" id=\"\"><input type=\"hidden\" name=\"_vfb-form-id\" value=\"2\" id=\"\"><div class=\"vfb-form-group vfb-col-12\"><div><div class=\"\">MUSTER BESTELLEN<\/div><\/div><\/div><div class=\"vfb-col-12 vfb-fieldType-heading\" id=\"vfbField10\"><\/div><div class=\"vfb-clearfix\"><\/div><div class=\"vfb-col-12 vfb-fieldType-text\" id=\"vfbField11\"><div class=\"vfb-form-group\"><label for=\"vfb-field-11\" class=\"vfb-control-label\">Vor- und Nachname <span class=\"vfb-required-asterisk\">*<\/span><\/label><div><input id=\"vfb-field-11\" class=\"vfb-form-control\" placeholder=\"\" required=\"required\" type=\"text\" name=\"vfb-field-11\" value=\"\"><\/div><\/div><\/div><div class=\"vfb-clearfix\"><\/div><div class=\"vfb-col-12 vfb-fieldType-text\" id=\"vfbField12\"><div class=\"vfb-form-group\"><label for=\"vfb-field-12\" class=\"vfb-control-label\">Firmenname <span class=\"vfb-required-asterisk\">*<\/span><\/label><div><input id=\"vfb-field-12\" class=\"vfb-form-control\" placeholder=\"\" required=\"required\" type=\"text\" name=\"vfb-field-12\" value=\"\"><\/div><\/div><\/div><div class=\"vfb-clearfix\"><\/div><div class=\"vfb-col-12 vfb-fieldType-number\" id=\"vfbField14\"><div class=\"vfb-form-group\"><label for=\"vfb-field-14\" class=\"vfb-control-label\">Telefonnummer<\/label><div><input id=\"vfb-field-14\" class=\"vfb-form-control\" placeholder=\"\" type=\"number\" name=\"vfb-field-14\" value=\"\"><\/div><\/div><\/div><div class=\"vfb-clearfix\"><\/div><div class=\"vfb-col-12 vfb-fieldType-email\" id=\"vfbField13\"><div class=\"vfb-form-group\"><label for=\"vfb-field-13\" class=\"vfb-control-label\">E-mail <span class=\"vfb-required-asterisk\">*<\/span><\/label><div><input id=\"vfb-field-13\" class=\"vfb-form-control\" placeholder=\"\" required=\"required\" type=\"email\" name=\"vfb-field-13\" value=\"\"><\/div><\/div><\/div><div class=\"vfb-clearfix\"><\/div><div class=\"vfb-col-12 vfb-fieldType-textarea\" id=\"vfbField15\"><div class=\"vfb-form-group\"><label for=\"vfb-field-15\" class=\"vfb-control-label\">Lieferadresse <span class=\"vfb-required-asterisk\">*<\/span><\/label><div><textarea id=\"vfb-field-15\" class=\"vfb-form-control\" placeholder=\"\" required=\"required\" rows=\"10\" name=\"vfb-field-15\" cols=\"50\"><\/textarea><\/div><\/div><\/div><div class=\"vfb-clearfix\"><\/div><div class=\"vfb-col-12 vfb-fieldType-checkbox\" id=\"vfbField17\"><label for=\"vfb-field-17\" class=\"vfb-control-label\"> <span class=\"vfb-required-asterisk\">*<\/span><\/label><div><div class=\"vfb-checkbox\"><label><input id=\"vfb-field-17-0\" class=\"\" placeholder=\"\" data-vfb-multiple=\"vfb-field-17\" required=\"required\" type=\"checkbox\" name=\"vfb-field-17[0]\" value=\"1\"><\/label><\/div><span class=\"vfb-help-block\">Ich bin damit einverstanden, dass meine Personendaten im Zusammenhang mit der Bestellung der Zusendung von kostenlosen Mustern infolge des Ausf\u00fcllens des Formulars auf der Internetseite www.globartprint.bialystok.pl\/de\/ f\u00fcr die Marketingzwecke der Globart Print Sp. j. in Bia\u0142ystok ans\u00e4ssig verarbeitet werden, gem\u00e4\u00df dem Gesetz \u00fcber den pers\u00f6nlichen Datenschutz vom 29. August 1997 (Gesetzblatt Nr. 133, Pos. 883)\". Au\u00dferdem erteile ich die Zustimmung zum Erhalten von der Globart Print Sp. j. in Bia\u0142ystok ans\u00e4ssig der Handelsinformationen in elektronischer Form , gem\u00e4\u00df dem Gesetz \u00fcber die elektronische Verbreitung der Handelsinformationen vom 18. Juli 2002 (Gesetzblatt Nr. 144, Pos. 1204 mit sp\u00e4teren \u00c4nderungen).<\/span><\/div><\/div><div class=\"vfb-clearfix\"><\/div><div class=\"vfb-col-12 vfb-fieldType-captcha\" id=\"vfbField18\"><div class=\"vfb-form-group\"><label for=\"vfb-field-18\" class=\"vfb-control-label\">Captcha <span class=\"vfb-required-asterisk\">*<\/span><\/label><div>reCAPTCHA Public Key not found. Both Public and Private keys must be set in order for reCAPTCHA to function.<\/div><\/div><\/div><div class=\"vfb-clearfix\"><\/div><div class=\"vfb-col-12 vfb-fieldType-submit\" id=\"vfbField16\"><button id=\"vfb-field-16\" class=\" btn btn-primary\" placeholder=\"\" type=\"submit\" name=\"_vfb-submit\">Senden<\/button><\/div><div class=\"vfb-clearfix\"><\/div><\/form><\/p>\n","protected":false},"author":1,"featured_media":0,"parent":0,"menu_order":0,"comment_status":"closed","ping_status":"closed","template":"","meta":{"_et_pb_use_builder":"on","_et_pb_old_content":"","_et_gb_content_width":"","footnotes":""},"class_list":["post-858","page","type-page","status-publish","hentry"],"_links":{"self":[{"href":"https:\/\/globartprint.bialystok.pl\/de\/index.php?rest_route=\/wp\/v2\/pages\/858","targetHints":{"allow":["GET"]}}],"collection":[{"href":"https:\/\/globartprint.bialystok.pl\/de\/index.php?rest_route=\/wp\/v2\/pages"}],"about":[{"href":"https:\/\/globartprint.bialystok.pl\/de\/index.php?rest_route=\/wp\/v2\/types\/page"}],"author":[{"embeddable":true,"href":"https:\/\/globartprint.bialystok.pl\/de\/index.php?rest_route=\/wp\/v2\/users\/1"}],"replies":[{"embeddable":true,"href":"https:\/\/globartprint.bialystok.pl\/de\/index.php?rest_route=%2Fwp%2Fv2%2Fcomments&post=858"}],"version-history":[{"count":5,"href":"https:\/\/globartprint.bialystok.pl\/de\/index.php?rest_route=\/wp\/v2\/pages\/858\/revisions"}],"predecessor-version":[{"id":867,"href":"https:\/\/globartprint.bialystok.pl\/de\/index.php?rest_route=\/wp\/v2\/pages\/858\/revisions\/867"}],"wp:attachment":[{"href":"https:\/\/globartprint.bialystok.pl\/de\/index.php?rest_route=%2Fwp%2Fv2%2Fmedia&parent=858"}],"curies":[{"name":"wp","href":"https:\/\/api.w.org\/{rel}","templated":true}]}}